{"id":45,"date":"2013-09-18T13:35:31","date_gmt":"2013-09-18T13:35:31","guid":{"rendered":"http:\/\/pixelgrade.com\/demos\/lens\/?page_id=45"},"modified":"2022-03-11T14:18:18","modified_gmt":"2022-03-11T12:18:18","slug":"about","status":"publish","type":"page","link":"https:\/\/www.chriswillmann.de\/?page_id=45","title":{"rendered":"About"},"content":{"rendered":"<p>Wir sind ein aufgeschlossenes, erfahrenes, kreatives Team und haben eine Menge Spa\u00df am Designen! Bei uns gibt es keine gro\u00dfen B\u00fcror\u00e4ume mit vielen Angestellten (keine hohen Fixkosten), sondern ein kleines Netzwerk an kreativen K\u00f6pfen, die jede Fachrichtung mit viel professionellem Engagement unterst\u00fctzt. Unsere Foto&amp;Design Agentur liegt s\u00fcdlich von M\u00fcnchen in der N\u00e4he des Starnberger Sees.<br \/>\nWir beraten unsere Kunden individuell und finden ma\u00dfgeschneiderte L\u00f6sungen, die einfach passen, egal ob Klein- oder Gro\u00dfunternehmen. Dazu beleuchten wir die Hintergr\u00fcnde und entwickeln dann ein schl\u00fcssiges Konzept mit allen relevanten Mitteln \u2013 vom Logo \u00fcber Gesch\u00e4ftspapiere, Imagebrosch\u00fcren, Salesfolder, Anzeigen, Au\u00dfenwerbung, Onlineauftritten, Imagefilmen, Visualisierungen bis hin zum gesamten Corporate Design.<br \/>\nDer direkte Kontakt und ein partnerschaftliches Verh\u00e4ltnis zu unseren Kunden sind f\u00fcr uns sehr wichtig. Nur so k\u00f6nnen wir helfen Ihr Unternehmen und Ihre Dienstleistungen richtig zu kommunizieren \u2013 kompetent und zuverl\u00e4ssig! Auch dann, wenn die Zeit mal wieder dr\u00e4ngt.<\/p>\n<h3><strong>Was wir f\u00fcr Sie tun k\u00f6nnen&#8230;<\/strong><\/h3>\n<hr class=\"pixcode  pixcode--separator  separator separator--dotted\"\/>\n<div class=\"pixcode  pixcode--row  row  \">\n\n<div class=\"col-12  hand-span-4 \">\n\n<h4><strong>WEB DESIGN<\/strong><\/h4>\n<ul>\n<li>Beratung, Konzeption und Umsetzung von Websites<\/li>\n<li>ReDesign bestehender Sites<\/li>\n<li>Individuelles Screendesign<\/li>\n<li>Installation CMS (WordPress, Joomla, Drupal)<\/li>\n<li>Erstellung von Webtrailern, Intros und Opener<\/li>\n<\/ul>\n\n<\/div>\n\n<div class=\"col-12  hand-span-4 \">\n\n<h4><strong>PRINT DESIGN<\/strong><\/h4>\n<ul>\n<li>Corporate Design<\/li>\n<li>Logo Design<\/li>\n<li>Gesch\u00e4ftsausstattungen<\/li>\n<li>Brosch\u00fcren, Magazine, Flyer und Werbepostkarten<\/li>\n<li>Portfolios<\/li>\n<\/ul>\n\n<\/div>\n\n<div class=\"col-12  hand-span-4 \">\n\n<h4><strong>AUFTRAGSFOTOGRAFIE<\/strong><\/h4>\n<ul>\n<li>People &amp; Fashion<\/li>\n<li>Businessportraits<\/li>\n<li>Produkte<\/li>\n<li>Events<\/li>\n<li>Hochzeiten<\/li>\n<\/ul>\n\n<\/div>\n\n\n<\/div>\n\n<div class=\"pixcode  pixcode--row  row  \">\n\n<div class=\"col-12  hand-span-4 \">\n\n<h4><strong>MOVIE DESIGN<\/strong><\/h4>\n<ul>\n<li>Imagefilme f\u00fcr kleinere Budgets<\/li>\n<li>Produktfilme<\/li>\n<li>Diashows<\/li>\n<li>Filmtitles<\/li>\n<li>Trailer<\/li>\n<\/ul>\n\n<\/div>\n\n<div class=\"col-12  hand-span-4 \">\n\n<h4><strong>BERATUNG &amp; SCHULUNG<\/strong><\/h4>\n<ul>\n<li>Photoshop Schulung<\/li>\n<li>Grafikdesign<\/li>\n<li>EDV Schulung<\/li>\n<li>Fotografie Einweisung<\/li>\n<\/ul>\n\n<\/div>\n\n\n<\/div>\n\n<div class=\"pixcode  pixcode--row  row  \">\n\n<div class=\"col-12  hand-span-12 \">\n\n<h3><strong>Auswahl unserer Kunden<\/strong><\/h3>\n<hr class=\"pixcode  pixcode--separator  separator separator--dotted\" \/>\nIn den letzten rund 15 Jahren durften wir viele kleine wie gro\u00dfe Projekte realisieren. Sehr gerne setzen wir auch Ihre Projekte um&#8230;<\/p>\n<ul>\n<li>Rochhausen (Motorsport)<\/li>\n<li>Audi AG (Automobil)<\/li>\n<li>K\u00f6nigsklasse (PR)<\/li>\n<li>Unicef (Social)<\/li>\n<li>Rich AG (Lebensmittel)<\/li>\n<li>TBM Technologie (Videotechnik)<\/li>\n<li>Global Sports (Software)<\/li>\n<li>YourPhotoToday (Bildagentur)<\/li>\n<li>Bar D&#8217;Amato (Gastronomie)<\/li>\n<li>DV Movie Productions (Film)<\/li>\n<li>Dr. Felder (Gesundheit)<\/li>\n<li>JM GmbH (Musikinstrumente)<\/li>\n<li>MD Managementberatung (Consulting)<\/li>\n<\/ul>\n\n<\/div>\n\n\n<\/div>\n\n","protected":false},"excerpt":{"rendered":"<p>Wir sind ein aufgeschlossenes, erfahrenes, kreatives Team und haben eine Menge Spa\u00df am Designen! Bei uns gibt es keine gro\u00dfen B\u00fcror\u00e4ume mit vielen Angestellten (keine hohen Fixkosten), sondern ein kleines Netzwerk an kreativen K\u00f6pfen, die jede Fachrichtung mit viel professionellem Engagement unterst\u00fctzt. Unsere Foto&amp;Design Agentur liegt s\u00fcdlich von M\u00fcnchen in [&hellip;]<\/p>\n","protected":false},"author":1,"featured_media":0,"parent":0,"menu_order":7,"comment_status":"closed","ping_status":"closed","template":"","meta":{"footnotes":""},"class_list":["post-45","page","type-page","status-publish","hentry"],"_links":{"self":[{"href":"https:\/\/www.chriswillmann.de\/index.php?rest_route=\/wp\/v2\/pages\/45","targetHints":{"allow":["GET"]}}],"collection":[{"href":"https:\/\/www.chriswillmann.de\/index.php?rest_route=\/wp\/v2\/pages"}],"about":[{"href":"https:\/\/www.chriswillmann.de\/index.php?rest_route=\/wp\/v2\/types\/page"}],"author":[{"embeddable":true,"href":"https:\/\/www.chriswillmann.de\/index.php?rest_route=\/wp\/v2\/users\/1"}],"replies":[{"embeddable":true,"href":"https:\/\/www.chriswillmann.de\/index.php?rest_route=%2Fwp%2Fv2%2Fcomments&post=45"}],"version-history":[{"count":20,"href":"https:\/\/www.chriswillmann.de\/index.php?rest_route=\/wp\/v2\/pages\/45\/revisions"}],"predecessor-version":[{"id":2405,"href":"https:\/\/www.chriswillmann.de\/index.php?rest_route=\/wp\/v2\/pages\/45\/revisions\/2405"}],"wp:attachment":[{"href":"https:\/\/www.chriswillmann.de\/index.php?rest_route=%2Fwp%2Fv2%2Fmedia&parent=45"}],"curies":[{"name":"wp","href":"https:\/\/api.w.org\/{rel}","templated":true}]}}