{"id":43,"date":"2013-09-18T13:34:03","date_gmt":"2013-09-18T13:34:03","guid":{"rendered":"http:\/\/pixelgrade.com\/demos\/lens\/?page_id=43"},"modified":"2022-03-11T14:31:19","modified_gmt":"2022-03-11T12:31:19","slug":"contact","status":"publish","type":"page","link":"https:\/\/www.chriswillmann.de\/?page_id=43","title":{"rendered":"Kontakt"},"content":{"rendered":"<p>Unsere L\u00f6sungen sind immer Business und Marken orientiert. In Konzeption, Gestaltung und der technischen Umsetzung. Wir sind Perfektionisten in jeder Hinsicht.<br \/>\nWir pr\u00e4sentieren Sie professionell, anwenderfreundlich und modern im Internet unter Ber\u00fccksichtigung Ihrer W\u00fcnsche, Ziele sowie Budgetvorgaben und verschaffen Ihnen einen Konkurrenzvorsprung.<\/p>\n<hr class=\"separator separator--striped\" \/>\n<div class=\"pixcode  pixcode--row  row  \">\n\n<div class=\"col-12  hand-span-8 \">\n\n<h3><strong>Das Studio Chris Willmann<\/strong><\/h3>\n<p><a href=\"mailto:info@chriswillmann.de\">info@chriswillmann.de<\/a><br \/>\n+49 (0)\u00a08171 &#8211; 80293<\/p>\n<h3><strong>Addresse<\/strong><\/h3>\n<p>Chris Willmann<br \/>\nAuf der Haid 2a<br \/>\n82515 Wolfratshausen<br \/>\n\n<\/div>\n\n<p>&nbsp;<\/p>\n\n<\/div>\n\n<p>&nbsp;<\/p>\n","protected":false},"excerpt":{"rendered":"<p>Unsere L\u00f6sungen sind immer Business und Marken orientiert. In Konzeption, Gestaltung und der technischen Umsetzung. Wir sind Perfektionisten in jeder Hinsicht. Wir pr\u00e4sentieren Sie professionell, anwenderfreundlich und modern im Internet unter Ber\u00fccksichtigung Ihrer W\u00fcnsche, Ziele sowie Budgetvorgaben und verschaffen Ihnen einen Konkurrenzvorsprung. &nbsp;<\/p>\n","protected":false},"author":1,"featured_media":0,"parent":0,"menu_order":3,"comment_status":"closed","ping_status":"closed","template":"theme-partials\/template-contact.php","meta":{"footnotes":""},"class_list":["post-43","page","type-page","status-publish","hentry"],"_links":{"self":[{"href":"https:\/\/www.chriswillmann.de\/index.php?rest_route=\/wp\/v2\/pages\/43","targetHints":{"allow":["GET"]}}],"collection":[{"href":"https:\/\/www.chriswillmann.de\/index.php?rest_route=\/wp\/v2\/pages"}],"about":[{"href":"https:\/\/www.chriswillmann.de\/index.php?rest_route=\/wp\/v2\/types\/page"}],"author":[{"embeddable":true,"href":"https:\/\/www.chriswillmann.de\/index.php?rest_route=\/wp\/v2\/users\/1"}],"replies":[{"embeddable":true,"href":"https:\/\/www.chriswillmann.de\/index.php?rest_route=%2Fwp%2Fv2%2Fcomments&post=43"}],"version-history":[{"count":14,"href":"https:\/\/www.chriswillmann.de\/index.php?rest_route=\/wp\/v2\/pages\/43\/revisions"}],"predecessor-version":[{"id":2408,"href":"https:\/\/www.chriswillmann.de\/index.php?rest_route=\/wp\/v2\/pages\/43\/revisions\/2408"}],"wp:attachment":[{"href":"https:\/\/www.chriswillmann.de\/index.php?rest_route=%2Fwp%2Fv2%2Fmedia&parent=43"}],"curies":[{"name":"wp","href":"https:\/\/api.w.org\/{rel}","templated":true}]}}